{"id":48,"date":"2024-12-23T15:08:03","date_gmt":"2024-12-23T18:08:03","guid":{"rendered":"https:\/\/villaggiovet.com.br\/blog\/?page_id=48"},"modified":"2024-12-23T15:13:45","modified_gmt":"2024-12-23T18:13:45","slug":"blog","status":"publish","type":"page","link":"https:\/\/villaggiovet.com.br\/blog\/blog\/","title":{"rendered":"Blog"},"content":{"rendered":"<ul class=\"wp-block-latest-posts__list is-grid columns-3 wp-block-latest-posts\"><li><div class=\"wp-block-latest-posts__featured-image\"><img loading=\"lazy\" decoding=\"async\" width=\"240\" height=\"300\" src=\"https:\/\/villaggiovet.com.br\/blog\/wp-content\/uploads\/2025\/03\/38-240x300.png\" class=\"attachment-medium size-medium wp-post-image\" alt=\"\" style=\"\" srcset=\"https:\/\/villaggiovet.com.br\/blog\/wp-content\/uploads\/2025\/03\/38-240x300.png 240w, https:\/\/villaggiovet.com.br\/blog\/wp-content\/uploads\/2025\/03\/38.png 720w\" sizes=\"auto, (max-width: 240px) 100vw, 240px\" \/><\/div><a class=\"wp-block-latest-posts__post-title\" href=\"https:\/\/villaggiovet.com.br\/blog\/2025\/03\/24\/adotou-um-pet-confira-dicas-essenciais-para-cuidar-do-novo-amigo-%f0%9f%90%be\/\">Adotou um Pet? Confira Dicas Essenciais para Cuidar do Novo Amigo! \ud83d\udc3e<\/a><div class=\"wp-block-latest-posts__post-excerpt\">Trazer um pet para casa \u00e9 um ato de amor e responsabilidade. Para que a adapta\u00e7\u00e3o seja tranquila e feliz,\u2026 <a class=\"wp-block-latest-posts__read-more\" href=\"https:\/\/villaggiovet.com.br\/blog\/2025\/03\/24\/adotou-um-pet-confira-dicas-essenciais-para-cuidar-do-novo-amigo-%f0%9f%90%be\/\" rel=\"noopener noreferrer\">Leia mais<span class=\"screen-reader-text\">: Adotou um Pet? Confira Dicas Essenciais para Cuidar do Novo Amigo! \ud83d\udc3e<\/span><\/a><\/div><\/li>\n<li><div class=\"wp-block-latest-posts__featured-image\"><img loading=\"lazy\" decoding=\"async\" width=\"240\" height=\"300\" src=\"https:\/\/villaggiovet.com.br\/blog\/wp-content\/uploads\/2025\/02\/32-240x300.png\" class=\"attachment-medium size-medium wp-post-image\" alt=\"\" style=\"\" srcset=\"https:\/\/villaggiovet.com.br\/blog\/wp-content\/uploads\/2025\/02\/32-240x300.png 240w, https:\/\/villaggiovet.com.br\/blog\/wp-content\/uploads\/2025\/02\/32.png 720w\" sizes=\"auto, (max-width: 240px) 100vw, 240px\" \/><\/div><a class=\"wp-block-latest-posts__post-title\" href=\"https:\/\/villaggiovet.com.br\/blog\/2025\/02\/12\/castracao-um-ato-de-amor-com-seu-pet\/\">Castra\u00e7\u00e3o, um ato de amor com seu Pet!<\/a><div class=\"wp-block-latest-posts__post-excerpt\">A Castra\u00e7\u00e3o \u00e9 um Ato de Amor: Cuide do Seu Pet e do Futuro! A castra\u00e7\u00e3o vai muito al\u00e9m do\u2026 <a class=\"wp-block-latest-posts__read-more\" href=\"https:\/\/villaggiovet.com.br\/blog\/2025\/02\/12\/castracao-um-ato-de-amor-com-seu-pet\/\" rel=\"noopener noreferrer\">Leia mais<span class=\"screen-reader-text\">: Castra\u00e7\u00e3o, um ato de amor com seu Pet!<\/span><\/a><\/div><\/li>\n<li><div class=\"wp-block-latest-posts__featured-image\"><img loading=\"lazy\" decoding=\"async\" width=\"300\" height=\"232\" src=\"https:\/\/villaggiovet.com.br\/blog\/wp-content\/uploads\/2024\/12\/fachada-300x232.png\" class=\"attachment-medium size-medium wp-post-image\" alt=\"\" style=\"\" srcset=\"https:\/\/villaggiovet.com.br\/blog\/wp-content\/uploads\/2024\/12\/fachada-300x232.png 300w, https:\/\/villaggiovet.com.br\/blog\/wp-content\/uploads\/2024\/12\/fachada-1024x792.png 1024w, https:\/\/villaggiovet.com.br\/blog\/wp-content\/uploads\/2024\/12\/fachada-768x594.png 768w, https:\/\/villaggiovet.com.br\/blog\/wp-content\/uploads\/2024\/12\/fachada-1536x1188.png 1536w, https:\/\/villaggiovet.com.br\/blog\/wp-content\/uploads\/2024\/12\/fachada.png 1957w\" sizes=\"auto, (max-width: 300px) 100vw, 300px\" \/><\/div><a class=\"wp-block-latest-posts__post-title\" href=\"https:\/\/villaggiovet.com.br\/blog\/2024\/12\/29\/villaggio-vet-a-sua-clinica-veterinaria-em-jau-2\/\">Villaggio Vet &#8211; A sua Cl\u00ednica Veterin\u00e1ria em Ja\u00fa<\/a><div class=\"wp-block-latest-posts__post-excerpt\">Cuidamos do seu pet como ele merece! \ud83d\udc3e Na Villaggio Vet, em Ja\u00fa, oferecemos mais do que cuidados veterin\u00e1rios: proporcionamos\u2026 <a class=\"wp-block-latest-posts__read-more\" href=\"https:\/\/villaggiovet.com.br\/blog\/2024\/12\/29\/villaggio-vet-a-sua-clinica-veterinaria-em-jau-2\/\" rel=\"noopener noreferrer\">Leia mais<span class=\"screen-reader-text\">: Villaggio Vet &#8211; A sua Cl\u00ednica Veterin\u00e1ria em Ja\u00fa<\/span><\/a><\/div><\/li>\n<li><div class=\"wp-block-latest-posts__featured-image\"><img loading=\"lazy\" decoding=\"async\" width=\"240\" height=\"300\" src=\"https:\/\/villaggiovet.com.br\/blog\/wp-content\/uploads\/2024\/12\/15-240x300.png\" class=\"attachment-medium size-medium wp-post-image\" alt=\"\" style=\"\" srcset=\"https:\/\/villaggiovet.com.br\/blog\/wp-content\/uploads\/2024\/12\/15-240x300.png 240w, https:\/\/villaggiovet.com.br\/blog\/wp-content\/uploads\/2024\/12\/15.png 720w\" sizes=\"auto, (max-width: 240px) 100vw, 240px\" \/><\/div><a class=\"wp-block-latest-posts__post-title\" href=\"https:\/\/villaggiovet.com.br\/blog\/2024\/12\/29\/%f0%9f%8e%86-fogos-de-artificio-proteja-seu-pet-durante-as-festas-%f0%9f%90%be\/\">\ud83c\udf86 Fogos de Artif\u00edcio: Proteja Seu Pet Durante as Festas! \ud83d\udc3e<\/a><div class=\"wp-block-latest-posts__post-excerpt\">As festas de fim de ano s\u00e3o cheias de alegria, mas para muitos pets, os fogos de artif\u00edcio podem ser\u2026 <a class=\"wp-block-latest-posts__read-more\" href=\"https:\/\/villaggiovet.com.br\/blog\/2024\/12\/29\/%f0%9f%8e%86-fogos-de-artificio-proteja-seu-pet-durante-as-festas-%f0%9f%90%be\/\" rel=\"noopener noreferrer\">Leia mais<span class=\"screen-reader-text\">: \ud83c\udf86 Fogos de Artif\u00edcio: Proteja Seu Pet Durante as Festas! \ud83d\udc3e<\/span><\/a><\/div><\/li>\n<li><div class=\"wp-block-latest-posts__featured-image\"><img loading=\"lazy\" decoding=\"async\" width=\"239\" height=\"300\" src=\"https:\/\/villaggiovet.com.br\/blog\/wp-content\/uploads\/2024\/12\/villaggio-vet-cuidado-239x300.jpg\" class=\"attachment-medium size-medium wp-post-image\" alt=\"\" style=\"\" srcset=\"https:\/\/villaggiovet.com.br\/blog\/wp-content\/uploads\/2024\/12\/villaggio-vet-cuidado-239x300.jpg 239w, https:\/\/villaggiovet.com.br\/blog\/wp-content\/uploads\/2024\/12\/villaggio-vet-cuidado.jpg 477w\" sizes=\"auto, (max-width: 239px) 100vw, 239px\" \/><\/div><a class=\"wp-block-latest-posts__post-title\" href=\"https:\/\/villaggiovet.com.br\/blog\/2024\/12\/23\/villaggio-vet-a-sua-clinica-veterinaria-em-jau\/\">Villaggio Vet, a sua Cl\u00ednica Veterin\u00e1ria em Ja\u00fa<\/a><div class=\"wp-block-latest-posts__post-excerpt\">Cuidamos do seu pet como ele merece! \ud83d\udc3e Na Villaggio Vet, em Ja\u00fa, oferecemos mais do que cuidados veterin\u00e1rios: proporcionamos\u2026 <a class=\"wp-block-latest-posts__read-more\" href=\"https:\/\/villaggiovet.com.br\/blog\/2024\/12\/23\/villaggio-vet-a-sua-clinica-veterinaria-em-jau\/\" rel=\"noopener noreferrer\">Leia mais<span class=\"screen-reader-text\">: Villaggio Vet, a sua Cl\u00ednica Veterin\u00e1ria em Ja\u00fa<\/span><\/a><\/div><\/li>\n<\/ul>\n\n\n<p><\/p>\n","protected":false},"excerpt":{"rendered":"","protected":false},"author":1,"featured_media":0,"parent":0,"menu_order":0,"comment_status":"closed","ping_status":"closed","template":"","meta":{"footnotes":""},"class_list":["post-48","page","type-page","status-publish","hentry"],"_links":{"self":[{"href":"https:\/\/villaggiovet.com.br\/blog\/wp-json\/wp\/v2\/pages\/48","targetHints":{"allow":["GET"]}}],"collection":[{"href":"https:\/\/villaggiovet.com.br\/blog\/wp-json\/wp\/v2\/pages"}],"about":[{"href":"https:\/\/villaggiovet.com.br\/blog\/wp-json\/wp\/v2\/types\/page"}],"author":[{"embeddable":true,"href":"https:\/\/villaggiovet.com.br\/blog\/wp-json\/wp\/v2\/users\/1"}],"replies":[{"embeddable":true,"href":"https:\/\/villaggiovet.com.br\/blog\/wp-json\/wp\/v2\/comments?post=48"}],"version-history":[{"count":3,"href":"https:\/\/villaggiovet.com.br\/blog\/wp-json\/wp\/v2\/pages\/48\/revisions"}],"predecessor-version":[{"id":52,"href":"https:\/\/villaggiovet.com.br\/blog\/wp-json\/wp\/v2\/pages\/48\/revisions\/52"}],"wp:attachment":[{"href":"https:\/\/villaggiovet.com.br\/blog\/wp-json\/wp\/v2\/media?parent=48"}],"curies":[{"name":"wp","href":"https:\/\/api.w.org\/{rel}","templated":true}]}}